{"id":475,"date":"2023-09-06T19:47:32","date_gmt":"2023-09-07T00:47:32","guid":{"rendered":"https:\/\/quedateapartahotel.com\/?page_id=475"},"modified":"2023-09-06T19:48:12","modified_gmt":"2023-09-07T00:48:12","slug":"politicas-de-servicio","status":"publish","type":"page","link":"https:\/\/quedateapartahotel.com\/index.php\/politicas-de-servicio\/","title":{"rendered":"Pol\u00edticas de Servicio"},"content":{"rendered":"\t\t<div data-elementor-type=\"wp-page\" data-elementor-id=\"475\" class=\"elementor elementor-475\">\n\t\t\t\t\t\t<section class=\"elementor-section elementor-top-section elementor-element elementor-element-c5ae3cf elementor-section-boxed elementor-section-height-default elementor-section-height-default\" data-id=\"c5ae3cf\" data-element_type=\"section\" data-settings=\"{&quot;background_background&quot;:&quot;classic&quot;}\">\n\t\t\t\t\t\t<div class=\"elementor-container elementor-column-gap-default\">\n\t\t\t\t\t<div class=\"elementor-column elementor-col-50 elementor-top-column elementor-element elementor-element-1595934\" data-id=\"1595934\" data-element_type=\"column\">\n\t\t\t<div class=\"elementor-widget-wrap elementor-element-populated\">\n\t\t\t\t\t\t<div class=\"elementor-element elementor-element-3a7ad7d elementor-widget elementor-widget-menu-anchor\" data-id=\"3a7ad7d\" data-element_type=\"widget\" data-widget_type=\"menu-anchor.default\">\n\t\t\t\t<div class=\"elementor-widget-container\">\n\t\t\t\t\t\t\t<div class=\"elementor-menu-anchor\" id=\"politicas\"><\/div>\n\t\t\t\t\t\t<\/div>\n\t\t\t\t<\/div>\n\t\t\t\t<div class=\"elementor-element elementor-element-aaaecb0 elementor-widget elementor-widget-heading\" data-id=\"aaaecb0\" data-element_type=\"widget\" data-widget_type=\"heading.default\">\n\t\t\t\t<div class=\"elementor-widget-container\">\n\t\t\t\t\t<h2 class=\"elementor-heading-title elementor-size-default\">Pol\u00edticas del servicio <\/h2>\t\t\t\t<\/div>\n\t\t\t\t<\/div>\n\t\t\t\t\t<\/div>\n\t\t<\/div>\n\t\t\t\t<div class=\"elementor-column elementor-col-50 elementor-top-column elementor-element elementor-element-b4f3224\" data-id=\"b4f3224\" data-element_type=\"column\">\n\t\t\t<div class=\"elementor-widget-wrap elementor-element-populated\">\n\t\t\t\t\t\t<section class=\"elementor-section elementor-inner-section elementor-element elementor-element-66093cf elementor-section-boxed elementor-section-height-default elementor-section-height-default\" data-id=\"66093cf\" data-element_type=\"section\">\n\t\t\t\t\t\t<div class=\"elementor-container elementor-column-gap-default\">\n\t\t\t\t\t<div class=\"elementor-column elementor-col-50 elementor-inner-column elementor-element elementor-element-4bb24b3\" data-id=\"4bb24b3\" data-element_type=\"column\">\n\t\t\t<div class=\"elementor-widget-wrap elementor-element-populated\">\n\t\t\t\t\t\t<div class=\"elementor-element elementor-element-9b290d6 elementor-widget-divider--view-line elementor-widget elementor-widget-divider\" data-id=\"9b290d6\" data-element_type=\"widget\" data-widget_type=\"divider.default\">\n\t\t\t\t<div class=\"elementor-widget-container\">\n\t\t\t\t\t\t\t<div class=\"elementor-divider\">\n\t\t\t<span class=\"elementor-divider-separator\">\n\t\t\t\t\t\t<\/span>\n\t\t<\/div>\n\t\t\t\t\t\t<\/div>\n\t\t\t\t<\/div>\n\t\t\t\t\t<\/div>\n\t\t<\/div>\n\t\t\t\t<div class=\"elementor-column elementor-col-50 elementor-inner-column elementor-element elementor-element-c645522\" data-id=\"c645522\" data-element_type=\"column\">\n\t\t\t<div class=\"elementor-widget-wrap elementor-element-populated\">\n\t\t\t\t\t\t<div class=\"elementor-element elementor-element-4697ba3 elementor-widget elementor-widget-heading\" data-id=\"4697ba3\" data-element_type=\"widget\" data-widget_type=\"heading.default\">\n\t\t\t\t<div class=\"elementor-widget-container\">\n\t\t\t\t\t<h3 class=\"elementor-heading-title elementor-size-default\">Pol\u00edticas de reservas<\/h3>\t\t\t\t<\/div>\n\t\t\t\t<\/div>\n\t\t\t\t<div class=\"elementor-element elementor-element-b16f306 elementor-widget elementor-widget-text-editor\" data-id=\"b16f306\" data-element_type=\"widget\" data-widget_type=\"text-editor.default\">\n\t\t\t\t<div class=\"elementor-widget-container\">\n\t\t\t\t\t\t\t\t\t<ul><li><span lang=\"ES-MX\" style=\"font-size: 11.5pt; color: windowtext; mso-ansi-language: ES-MX;\"> Una vez realizada su reserva puede llamar a nuestra l\u00ednea de atenci\u00f3n <\/span><span lang=\"ES-MX\" style=\"font-size: 11.0pt; font-family: 'Calibri',sans-serif; mso-ansi-language: ES-MX;\">3187528776<\/span><span lang=\"ES-MX\" style=\"font-size: 11.5pt; color: windowtext; mso-ansi-language: ES-MX;\"> para confirmar los datos suministrados o resolver cualquier duda.<\/span><\/li><li><span lang=\"ES-MX\" style=\"font-size: 11.5pt; color: windowtext; mso-ansi-language: ES-MX;\">Todo ni\u00f1o mayor de 6 a\u00f1os se cuenta como persona adicional.<\/span><\/li><li><span lang=\"ES-MX\" style=\"font-size: 11.5pt; color: windowtext; mso-ansi-language: ES-MX;\"> Para garantizar su reserva se debe realizar el anticipo del 30% del valor total de su estad\u00eda y el restante una vez en el ingreso del hotel con su anfitri\u00f3n.<\/span><\/li><li><span lang=\"ES-MX\" style=\"font-size: 11.5pt; color: windowtext; mso-ansi-language: ES-MX;\"> Contamos con pagos a trav\u00e9s de PSE, Bancolombia cuenta de ahorros.<\/span><\/li><li><span lang=\"ES-MX\" style=\"font-size: 11.5pt; color: windowtext; mso-ansi-language: ES-MX;\">Para realizar la cancelaci\u00f3n de la reserva se debe notificar de 3 a 5 d\u00edas antes de su llegada.<\/span><\/li><li><span lang=\"ES-MX\" style=\"font-size: 11.5pt; color: windowtext;\">para hacer la devoluci\u00f3n de su dinero, se retendr\u00e1 el 15% del valor consignado.<\/span>.<\/li><\/ul>\t\t\t\t\t\t\t\t<\/div>\n\t\t\t\t<\/div>\n\t\t\t\t\t<\/div>\n\t\t<\/div>\n\t\t\t\t\t<\/div>\n\t\t<\/section>\n\t\t\t\t<section class=\"elementor-section elementor-inner-section elementor-element elementor-element-5eee655 elementor-section-boxed elementor-section-height-default elementor-section-height-default\" data-id=\"5eee655\" data-element_type=\"section\">\n\t\t\t\t\t\t<div class=\"elementor-container elementor-column-gap-default\">\n\t\t\t\t\t<div class=\"elementor-column elementor-col-50 elementor-inner-column elementor-element elementor-element-6da25b0\" data-id=\"6da25b0\" data-element_type=\"column\">\n\t\t\t<div class=\"elementor-widget-wrap elementor-element-populated\">\n\t\t\t\t\t\t<div class=\"elementor-element elementor-element-8ecb7b7 elementor-widget-divider--view-line elementor-widget elementor-widget-divider\" data-id=\"8ecb7b7\" data-element_type=\"widget\" data-widget_type=\"divider.default\">\n\t\t\t\t<div class=\"elementor-widget-container\">\n\t\t\t\t\t\t\t<div class=\"elementor-divider\">\n\t\t\t<span class=\"elementor-divider-separator\">\n\t\t\t\t\t\t<\/span>\n\t\t<\/div>\n\t\t\t\t\t\t<\/div>\n\t\t\t\t<\/div>\n\t\t\t\t\t<\/div>\n\t\t<\/div>\n\t\t\t\t<div class=\"elementor-column elementor-col-50 elementor-inner-column elementor-element elementor-element-13aea1e\" data-id=\"13aea1e\" data-element_type=\"column\">\n\t\t\t<div class=\"elementor-widget-wrap elementor-element-populated\">\n\t\t\t\t\t\t<div class=\"elementor-element elementor-element-4dd027a elementor-widget elementor-widget-heading\" data-id=\"4dd027a\" data-element_type=\"widget\" data-widget_type=\"heading.default\">\n\t\t\t\t<div class=\"elementor-widget-container\">\n\t\t\t\t\t<h3 class=\"elementor-heading-title elementor-size-default\">Pol\u00edticas de Hu\u00e9spedes<\/h3>\t\t\t\t<\/div>\n\t\t\t\t<\/div>\n\t\t\t\t<div class=\"elementor-element elementor-element-c886352 elementor-widget elementor-widget-text-editor\" data-id=\"c886352\" data-element_type=\"widget\" data-widget_type=\"text-editor.default\">\n\t\t\t\t<div class=\"elementor-widget-container\">\n\t\t\t\t\t\t\t\t\t<ul>\n<li>El hu\u00e9sped debe dirigirse a la recepci\u00f3n del Apartahotel para hacer el registro: el check in es a las 3:00 p.m. De igual forma debe realizar los pagos pertinentes de alojamiento y registrar su salida (Check Out) a la 1:00 pm, si se desea hacer alguna solicitud de extender la estad\u00eda, se debe confirmar con anticipaci\u00f3n para verificar reservas existentes.<\/li><\/ul><div><br><\/div><ul>\n<li>&nbsp;Al ingreso y salida del apartamento o habitaci\u00f3n se realiza un check list con el inventario de los bienes e inmuebles que all\u00ed se encuentran<\/li><\/ul><div><br><\/div><ul>\n<li>En caso de que ocurra alg\u00fan da\u00f1o o p\u00e9rdida en el apartamento o habitaci\u00f3n entregado respecto a equipamiento, infraestructura y todo lo que se deja relacionado en el check list, ser\u00e1 responsabilidad total del hu\u00e9sped quien asumir\u00e1 la cancelaci\u00f3n en la recepci\u00f3n del Apartahotel antes de entregar el inmueble.<\/li><\/ul><div><br><\/div><ul>\n<li>&nbsp;No podr\u00e1n ingresar al hotel personas diferentes a las registradas, en caso de que reciban alguna visita deber\u00e1 informarse en la recepci\u00f3n o con el anfitri\u00f3n.<\/li><\/ul><div><br><\/div><ul>\n<li>La llave que se entrega del apartamento al momento del check in es responsabilidad del hu\u00e9sped.<\/li>\n<\/ul>\t\t\t\t\t\t\t\t<\/div>\n\t\t\t\t<\/div>\n\t\t\t\t\t<\/div>\n\t\t<\/div>\n\t\t\t\t\t<\/div>\n\t\t<\/section>\n\t\t\t\t<section class=\"elementor-section elementor-inner-section elementor-element elementor-element-8944fc1 elementor-section-boxed elementor-section-height-default elementor-section-height-default\" data-id=\"8944fc1\" data-element_type=\"section\">\n\t\t\t\t\t\t<div class=\"elementor-container elementor-column-gap-default\">\n\t\t\t\t\t<div class=\"elementor-column elementor-col-50 elementor-inner-column elementor-element elementor-element-834d3b8\" data-id=\"834d3b8\" data-element_type=\"column\">\n\t\t\t<div class=\"elementor-widget-wrap elementor-element-populated\">\n\t\t\t\t\t\t<div class=\"elementor-element elementor-element-f0edf5f elementor-widget-divider--view-line elementor-widget elementor-widget-divider\" data-id=\"f0edf5f\" data-element_type=\"widget\" data-widget_type=\"divider.default\">\n\t\t\t\t<div class=\"elementor-widget-container\">\n\t\t\t\t\t\t\t<div class=\"elementor-divider\">\n\t\t\t<span class=\"elementor-divider-separator\">\n\t\t\t\t\t\t<\/span>\n\t\t<\/div>\n\t\t\t\t\t\t<\/div>\n\t\t\t\t<\/div>\n\t\t\t\t\t<\/div>\n\t\t<\/div>\n\t\t\t\t<div class=\"elementor-column elementor-col-50 elementor-inner-column elementor-element elementor-element-efcf8b3\" data-id=\"efcf8b3\" data-element_type=\"column\">\n\t\t\t<div class=\"elementor-widget-wrap elementor-element-populated\">\n\t\t\t\t\t\t<div class=\"elementor-element elementor-element-10bd121 elementor-widget elementor-widget-heading\" data-id=\"10bd121\" data-element_type=\"widget\" data-widget_type=\"heading.default\">\n\t\t\t\t<div class=\"elementor-widget-container\">\n\t\t\t\t\t<h3 class=\"elementor-heading-title elementor-size-default\">normas y prohibiciones<\/h3>\t\t\t\t<\/div>\n\t\t\t\t<\/div>\n\t\t\t\t<div class=\"elementor-element elementor-element-2a0cbda elementor-widget elementor-widget-text-editor\" data-id=\"2a0cbda\" data-element_type=\"widget\" data-widget_type=\"text-editor.default\">\n\t\t\t\t<div class=\"elementor-widget-container\">\n\t\t\t\t\t\t\t\t\t<ul>\n<li>Si desea ingresar con su mascota, debe anunciar y tendr\u00e1 un costo adicional de 20 mil pesos, noche. Se recomienda tener precauci\u00f3n y seguir los protocolos de higiene tanto en el apartamento como en \u00e1reas comunes<\/li>\n<\/ul>\n<ul>\n<li>En las \u00e1reas sociales y comunes mantener protocolos de bioseguridad.<\/li>\n<\/ul>\n<ul>\n<li>Se proh\u00edbe Ingresar a la piscina, turco y sauna con comida bebidas y mascotas.<\/li>\n<\/ul>\n<ul>\n<li>Est\u00e1 prohibido portar armas de fuego o de cualquier tipo dentro de las instalaciones del Apartahotel.<\/li>\n<\/ul>\n<ul>\n<li>No utilizar el equipamiento instalado en las \u00e1reas comunes y en las habitaciones para fines distintos al de su servicio.<\/li>\n<\/ul>\n<ul>\n<li>Sacar de las habitaciones y de los espacios comunes cualquier mobiliario o elemento al exterior de las mismas.<\/li>\n<\/ul>\n<ul>\n<li>Hacer ruidos molestos, provocar altercados, y en general, cualquier acto que perturbe el orden o incomode a los dem\u00e1s hu\u00e9spedes.<\/li>\n<\/ul>\n<ul>\n<li>Prohibido retirar objetos o bienes de pertenencia del mismo, ya sea de la habitaci\u00f3n u otros sectores sin expreso consentimiento del anfitri\u00f3n.<\/li>\n<\/ul>\n<ul>\n<li> Proteger la integridad f\u00edsica propia y la de los dem\u00e1s hu\u00e9spedes. <\/li>\n<li> Seguir las recomendaciones de seguridad en el \u00e1rea de zonas h\u00famedas para evitar accidentes y contratiempos.<\/li>\n<li> Respetar las \u00e1reas comunes del centro comercial.<\/li>\n<\/ul>\t\t\t\t\t\t\t\t<\/div>\n\t\t\t\t<\/div>\n\t\t\t\t\t<\/div>\n\t\t<\/div>\n\t\t\t\t\t<\/div>\n\t\t<\/section>\n\t\t\t\t\t<\/div>\n\t\t<\/div>\n\t\t\t\t\t<\/div>\n\t\t<\/section>\n\t\t\t\t<\/div>\n\t\t","protected":false},"excerpt":{"rendered":"<p>Pol\u00edticas del servicio Pol\u00edticas de reservas Una vez realizada su reserva puede llamar a nuestra l\u00ednea de atenci\u00f3n 3187528776 para confirmar los datos suministrados o resolver cualquier duda. Todo ni\u00f1o mayor de 6 a\u00f1os se cuenta como persona adicional. Para garantizar su reserva se debe realizar el anticipo del 30% del valor total de su [&hellip;]<\/p>\n","protected":false},"author":1,"featured_media":0,"parent":0,"menu_order":0,"comment_status":"closed","ping_status":"closed","template":"elementor_header_footer","meta":{"_joinchat":[],"footnotes":""},"aioseo_notices":[],"_links":{"self":[{"href":"https:\/\/quedateapartahotel.com\/index.php\/wp-json\/wp\/v2\/pages\/475"}],"collection":[{"href":"https:\/\/quedateapartahotel.com\/index.php\/wp-json\/wp\/v2\/pages"}],"about":[{"href":"https:\/\/quedateapartahotel.com\/index.php\/wp-json\/wp\/v2\/types\/page"}],"author":[{"embeddable":true,"href":"https:\/\/quedateapartahotel.com\/index.php\/wp-json\/wp\/v2\/users\/1"}],"replies":[{"embeddable":true,"href":"https:\/\/quedateapartahotel.com\/index.php\/wp-json\/wp\/v2\/comments?post=475"}],"version-history":[{"count":4,"href":"https:\/\/quedateapartahotel.com\/index.php\/wp-json\/wp\/v2\/pages\/475\/revisions"}],"predecessor-version":[{"id":480,"href":"https:\/\/quedateapartahotel.com\/index.php\/wp-json\/wp\/v2\/pages\/475\/revisions\/480"}],"wp:attachment":[{"href":"https:\/\/quedateapartahotel.com\/index.php\/wp-json\/wp\/v2\/media?parent=475"}],"curies":[{"name":"wp","href":"https:\/\/api.w.org\/{rel}","templated":true}]}}