{"id":264,"date":"2023-08-29T10:42:51","date_gmt":"2023-08-29T15:42:51","guid":{"rendered":"https:\/\/quedateapartahotel.com\/?page_id=264"},"modified":"2023-08-29T10:53:57","modified_gmt":"2023-08-29T15:53:57","slug":"quedate","status":"publish","type":"page","link":"https:\/\/quedateapartahotel.com\/index.php\/quedate\/","title":{"rendered":"Qu\u00e9date!"},"content":{"rendered":"\t\t<div data-elementor-type=\"wp-page\" data-elementor-id=\"264\" class=\"elementor elementor-264\">\n\t\t\t\t\t\t<section class=\"elementor-section elementor-top-section elementor-element elementor-element-5b615352 elementor-section-boxed elementor-section-height-default elementor-section-height-default\" data-id=\"5b615352\" data-element_type=\"section\">\n\t\t\t\t\t\t<div class=\"elementor-container elementor-column-gap-default\">\n\t\t\t\t\t<div class=\"elementor-column elementor-col-100 elementor-top-column elementor-element elementor-element-21753b95\" data-id=\"21753b95\" data-element_type=\"column\">\n\t\t\t<div class=\"elementor-widget-wrap elementor-element-populated\">\n\t\t\t\t\t\t<div class=\"elementor-element elementor-element-cdfaf4c elementor-invisible elementor-widget elementor-widget-heading\" data-id=\"cdfaf4c\" data-element_type=\"widget\" data-settings=\"{&quot;_animation&quot;:&quot;fadeInUp&quot;}\" data-widget_type=\"heading.default\">\n\t\t\t\t<div class=\"elementor-widget-container\">\n\t\t\t\t\t<h1 class=\"elementor-heading-title elementor-size-default\">Nosotros<\/h1>\t\t\t\t<\/div>\n\t\t\t\t<\/div>\n\t\t\t\t<div class=\"elementor-element elementor-element-79a6d99b elementor-widget-divider--view-line elementor-invisible elementor-widget elementor-widget-divider\" data-id=\"79a6d99b\" data-element_type=\"widget\" data-settings=\"{&quot;_animation&quot;:&quot;zoomIn&quot;,&quot;_animation_delay&quot;:400}\" data-widget_type=\"divider.default\">\n\t\t\t\t<div class=\"elementor-widget-container\">\n\t\t\t\t\t\t\t<div class=\"elementor-divider\">\n\t\t\t<span class=\"elementor-divider-separator\">\n\t\t\t\t\t\t<\/span>\n\t\t<\/div>\n\t\t\t\t\t\t<\/div>\n\t\t\t\t<\/div>\n\t\t\t\t\t<\/div>\n\t\t<\/div>\n\t\t\t\t\t<\/div>\n\t\t<\/section>\n\t\t\t\t<section class=\"elementor-section elementor-top-section elementor-element elementor-element-25badd44 elementor-section-content-middle elementor-reverse-mobile elementor-section-boxed elementor-section-height-default elementor-section-height-default\" data-id=\"25badd44\" data-element_type=\"section\" data-settings=\"{&quot;background_background&quot;:&quot;classic&quot;}\">\n\t\t\t\t\t\t\t<div class=\"elementor-background-overlay\"><\/div>\n\t\t\t\t\t\t\t<div class=\"elementor-container elementor-column-gap-no\">\n\t\t\t\t\t<div class=\"elementor-column elementor-col-50 elementor-top-column elementor-element elementor-element-5e8528da animated-fast elementor-invisible\" data-id=\"5e8528da\" data-element_type=\"column\" data-settings=\"{&quot;background_background&quot;:&quot;classic&quot;,&quot;animation&quot;:&quot;fadeIn&quot;}\">\n\t\t\t<div class=\"elementor-widget-wrap elementor-element-populated\">\n\t\t\t\t\t\t<div class=\"elementor-element elementor-element-4d4b4384 elementor-hidden-phone elementor-widget-divider--view-line elementor-invisible elementor-widget elementor-widget-divider\" data-id=\"4d4b4384\" data-element_type=\"widget\" data-settings=\"{&quot;_animation&quot;:&quot;fadeInRight&quot;,&quot;_animation_delay&quot;:200}\" data-widget_type=\"divider.default\">\n\t\t\t\t<div class=\"elementor-widget-container\">\n\t\t\t\t\t\t\t<div class=\"elementor-divider\">\n\t\t\t<span class=\"elementor-divider-separator\">\n\t\t\t\t\t\t<\/span>\n\t\t<\/div>\n\t\t\t\t\t\t<\/div>\n\t\t\t\t<\/div>\n\t\t\t\t<div class=\"elementor-element elementor-element-639164b3 elementor-widget elementor-widget-text-editor\" data-id=\"639164b3\" data-element_type=\"widget\" data-widget_type=\"text-editor.default\">\n\t\t\t\t<div class=\"elementor-widget-container\">\n\t\t\t\t\t\t\t\t\t<p>Propuesta de alojamiento exclusivo en la regi\u00f3n: grandiosos apartamentos y habitaciones de alquiler por d\u00eda en San Gil, Santander.<\/p><p>Qu\u00e9date Apartahotel presenta un concepto de alojamiento \u00fanico. Sus apartamentos, cuidadosamente dise\u00f1ados y equipados al 100%, est\u00e1n disponibles para alquiler por d\u00edas, brindando a los hu\u00e9spedes una experiencia de vivienda \u00fanica.<\/p><p>Qu\u00e9date Apartahotel est\u00e1 situado a un costado del Centro Comercial San Gil Plaza, el cual ofrece: salas de cine, gimnasio, salas de juegos infantiles y mec\u00e1nicos; supermercado, boutiques de lujo y cafeter\u00edas, helader\u00eda; cuenta con una droguer\u00eda, una espectacular plazoleta de comidas con delicias gastron\u00f3micas y parqueaderos.<\/p><p>El Apartahotel se erige en dos torres, cada una con 13 pisos. Tiene Vigilancia privada las 24 horas que garantiza la seguridad de los hu\u00e9spedes y ascensor que desciende hasta los s\u00f3tanos donde se encuentran los parqueaderos.<\/p><p>En la terraza de la edificaci\u00f3n (piso 13), los hu\u00e9spedes pueden disfrutar de la zona h\u00fameda que incluye un sauna, un ba\u00f1o turco y una piscina al aire libre, que ofrece a los visitanes una vista panor\u00e1mica espectacular de San Gil y su entorno natural.<\/p>\t\t\t\t\t\t\t\t<\/div>\n\t\t\t\t<\/div>\n\t\t\t\t\t<\/div>\n\t\t<\/div>\n\t\t\t\t<div class=\"elementor-column elementor-col-50 elementor-top-column elementor-element elementor-element-3cbe396e animated-fast elementor-invisible\" data-id=\"3cbe396e\" data-element_type=\"column\" data-settings=\"{&quot;animation&quot;:&quot;fadeIn&quot;,&quot;animation_delay&quot;:300}\">\n\t\t\t<div class=\"elementor-widget-wrap elementor-element-populated\">\n\t\t\t\t\t\t<div class=\"elementor-element elementor-element-8309765 elementor-widget elementor-widget-image\" data-id=\"8309765\" data-element_type=\"widget\" data-widget_type=\"image.default\">\n\t\t\t\t<div class=\"elementor-widget-container\">\n\t\t\t\t\t\t\t\t\t\t\t\t\t\t\t<img fetchpriority=\"high\" decoding=\"async\" width=\"800\" height=\"200\" src=\"https:\/\/quedateapartahotel.com\/wp-content\/uploads\/2023\/08\/logo-quedate-apartahotel-1024x256.png\" class=\"attachment-large size-large wp-image-63\" alt=\"\" srcset=\"https:\/\/quedateapartahotel.com\/wp-content\/uploads\/2023\/08\/logo-quedate-apartahotel-1024x256.png 1024w, https:\/\/quedateapartahotel.com\/wp-content\/uploads\/2023\/08\/logo-quedate-apartahotel-300x75.png 300w, https:\/\/quedateapartahotel.com\/wp-content\/uploads\/2023\/08\/logo-quedate-apartahotel-768x192.png 768w, https:\/\/quedateapartahotel.com\/wp-content\/uploads\/2023\/08\/logo-quedate-apartahotel-1536x384.png 1536w, https:\/\/quedateapartahotel.com\/wp-content\/uploads\/2023\/08\/logo-quedate-apartahotel-2048x513.png 2048w\" sizes=\"(max-width: 800px) 100vw, 800px\" \/>\t\t\t\t\t\t\t\t\t\t\t\t\t\t\t<\/div>\n\t\t\t\t<\/div>\n\t\t\t\t\t<\/div>\n\t\t<\/div>\n\t\t\t\t\t<\/div>\n\t\t<\/section>\n\t\t\t\t<\/div>\n\t\t","protected":false},"excerpt":{"rendered":"<p>Nosotros Propuesta de alojamiento exclusivo en la regi\u00f3n: grandiosos apartamentos y habitaciones de alquiler por d\u00eda en San Gil, Santander. Qu\u00e9date Apartahotel presenta un concepto de alojamiento \u00fanico. Sus apartamentos, cuidadosamente dise\u00f1ados y equipados al 100%, est\u00e1n disponibles para alquiler por d\u00edas, brindando a los hu\u00e9spedes una experiencia de vivienda \u00fanica. Qu\u00e9date Apartahotel est\u00e1 situado [&hellip;]<\/p>\n","protected":false},"author":1,"featured_media":0,"parent":0,"menu_order":0,"comment_status":"closed","ping_status":"closed","template":"elementor_header_footer","meta":{"_joinchat":[],"footnotes":""},"aioseo_notices":[],"_links":{"self":[{"href":"https:\/\/quedateapartahotel.com\/index.php\/wp-json\/wp\/v2\/pages\/264"}],"collection":[{"href":"https:\/\/quedateapartahotel.com\/index.php\/wp-json\/wp\/v2\/pages"}],"about":[{"href":"https:\/\/quedateapartahotel.com\/index.php\/wp-json\/wp\/v2\/types\/page"}],"author":[{"embeddable":true,"href":"https:\/\/quedateapartahotel.com\/index.php\/wp-json\/wp\/v2\/users\/1"}],"replies":[{"embeddable":true,"href":"https:\/\/quedateapartahotel.com\/index.php\/wp-json\/wp\/v2\/comments?post=264"}],"version-history":[{"count":7,"href":"https:\/\/quedateapartahotel.com\/index.php\/wp-json\/wp\/v2\/pages\/264\/revisions"}],"predecessor-version":[{"id":290,"href":"https:\/\/quedateapartahotel.com\/index.php\/wp-json\/wp\/v2\/pages\/264\/revisions\/290"}],"wp:attachment":[{"href":"https:\/\/quedateapartahotel.com\/index.php\/wp-json\/wp\/v2\/media?parent=264"}],"curies":[{"name":"wp","href":"https:\/\/api.w.org\/{rel}","templated":true}]}}